{"id":1399,"date":"2025-01-09T18:55:18","date_gmt":"2025-01-09T21:55:18","guid":{"rendered":"https:\/\/claudiopiscicelli.com\/consultoria\/"},"modified":"2025-02-20T15:19:39","modified_gmt":"2025-02-20T18:19:39","slug":"consultoria","status":"publish","type":"page","link":"https:\/\/claudiopiscicelli.com\/pt-br\/consultoria\/","title":{"rendered":"Consultoria"},"content":{"rendered":"\t\t<div data-elementor-type=\"wp-page\" data-elementor-id=\"1399\" class=\"elementor elementor-1399 elementor-268\" data-elementor-post-type=\"page\">\n\t\t\t\t<div class=\"elementor-element elementor-element-65cb1bcb e-con-full e-flex e-con e-parent\" data-id=\"65cb1bcb\" data-element_type=\"container\" data-settings=\"{&quot;background_background&quot;:&quot;classic&quot;}\">\n\t\t<div class=\"elementor-element elementor-element-61b27849 e-flex e-con-boxed e-con e-child\" data-id=\"61b27849\" data-element_type=\"container\" data-settings=\"{&quot;background_background&quot;:&quot;classic&quot;}\">\n\t\t\t\t\t<div class=\"e-con-inner\">\n\t\t\t\t<div class=\"elementor-element elementor-element-1595778d elementor-icon-list--layout-inline elementor-align-center elementor-list-item-link-full_width elementor-widget elementor-widget-icon-list\" data-id=\"1595778d\" data-element_type=\"widget\" data-widget_type=\"icon-list.default\">\n\t\t\t\t<div class=\"elementor-widget-container\">\n\t\t\t\t\t\t\t<ul class=\"elementor-icon-list-items elementor-inline-items\">\n\t\t\t\t\t\t\t<li class=\"elementor-icon-list-item elementor-inline-item\">\n\t\t\t\t\t\t\t\t\t\t\t<a href=\"#\">\n\n\t\t\t\t\t\t\t\t\t\t\t<span class=\"elementor-icon-list-text\">In\u00edcio<\/span>\n\t\t\t\t\t\t\t\t\t\t\t<\/a>\n\t\t\t\t\t\t\t\t\t<\/li>\n\t\t\t\t\t\t\t\t<li class=\"elementor-icon-list-item elementor-inline-item\">\n\t\t\t\t\t\t\t\t\t\t\t<a href=\"#\">\n\n\t\t\t\t\t\t\t\t\t\t\t<span class=\"elementor-icon-list-text\">Servi\u00e7os<\/span>\n\t\t\t\t\t\t\t\t\t\t\t<\/a>\n\t\t\t\t\t\t\t\t\t<\/li>\n\t\t\t\t\t\t<\/ul>\n\t\t\t\t\t\t<\/div>\n\t\t\t\t<\/div>\n\t\t\t\t<div class=\"elementor-element elementor-element-13d471a6 elementor-widget elementor-widget-heading\" data-id=\"13d471a6\" data-element_type=\"widget\" data-widget_type=\"heading.default\">\n\t\t\t\t<div class=\"elementor-widget-container\">\n\t\t\t\t\t<h1 class=\"elementor-heading-title elementor-size-default\">Consultoria<\/h1>\t\t\t\t<\/div>\n\t\t\t\t<\/div>\n\t\t\t\t\t<\/div>\n\t\t\t\t<\/div>\n\t\t\t\t<\/div>\n\t\t<div class=\"elementor-element elementor-element-3607e31d e-flex e-con-boxed e-con e-parent\" data-id=\"3607e31d\" data-element_type=\"container\" data-settings=\"{&quot;background_background&quot;:&quot;classic&quot;}\">\n\t\t\t\t\t<div class=\"e-con-inner\">\n\t\t<div class=\"elementor-element elementor-element-22f1121b e-con-full e-flex e-con e-child\" data-id=\"22f1121b\" data-element_type=\"container\">\n\t\t\t\t<div class=\"elementor-element elementor-element-5e7d7cce elementor-widget elementor-widget-image\" data-id=\"5e7d7cce\" data-element_type=\"widget\" data-widget_type=\"image.default\">\n\t\t\t\t<div class=\"elementor-widget-container\">\n\t\t\t\t\t\t\t\t\t\t\t\t\t\t\t<img fetchpriority=\"high\" decoding=\"async\" width=\"770\" height=\"424\" src=\"https:\/\/claudiopiscicelli.com\/wp-content\/uploads\/2024\/12\/services-details-Z2WXNB4.jpg\" class=\"attachment-large size-large wp-image-72\" alt=\"\" srcset=\"https:\/\/claudiopiscicelli.com\/wp-content\/uploads\/2024\/12\/services-details-Z2WXNB4.jpg 770w, https:\/\/claudiopiscicelli.com\/wp-content\/uploads\/2024\/12\/services-details-Z2WXNB4-300x165.jpg 300w, https:\/\/claudiopiscicelli.com\/wp-content\/uploads\/2024\/12\/services-details-Z2WXNB4-768x423.jpg 768w\" sizes=\"(max-width: 770px) 100vw, 770px\" \/>\t\t\t\t\t\t\t\t\t\t\t\t\t\t\t<\/div>\n\t\t\t\t<\/div>\n\t\t\t\t<div class=\"elementor-element elementor-element-48d9d1f3 elementor-widget elementor-widget-heading\" data-id=\"48d9d1f3\" data-element_type=\"widget\" data-widget_type=\"heading.default\">\n\t\t\t\t<div class=\"elementor-widget-container\">\n\t\t\t\t\t<h2 class=\"elementor-heading-title elementor-size-default\">Transforma\u00e7\u00e3o cultural<\/h2>\t\t\t\t<\/div>\n\t\t\t\t<\/div>\n\t\t\t\t<div class=\"elementor-element elementor-element-21aecbf elementor-widget elementor-widget-text-editor\" data-id=\"21aecbf\" data-element_type=\"widget\" data-widget_type=\"text-editor.default\">\n\t\t\t\t<div class=\"elementor-widget-container\">\n\t\t\t\t\t\t\t\t\t<p>Impulsionamos os resultados, analisando recursos, processos, relacionamentos e infraestrutura, respeitando a trajet\u00f3ria anterior das organiza\u00e7\u00f5es e redescobrindo oportunidades.<br><\/p>\n<p>Colaboramos na cria\u00e7\u00e3o e no gerenciamento de mudan\u00e7as, a fim de encontrar resultados extraordin\u00e1rios que possam ser contrastados com os anteriores. A partir das vari\u00e1veis de neg\u00f3cios identificadas, podemos definir novos destinos e os caminhos necess\u00e1rios para alcan\u00e7\u00e1-los. <br><\/p>\n<p>O valor agregado consiste em transformar os planos em realidade, pois planejamos realidades sem condicionar as utopias que desencadeiam a criatividade necess\u00e1ria para romper moldes preestabelecidos.<\/p>\t\t\t\t\t\t\t\t<\/div>\n\t\t\t\t<\/div>\n\t\t\t\t<\/div>\n\t\t<div class=\"elementor-element elementor-element-3768f8bc e-con-full e-flex e-con e-child\" data-id=\"3768f8bc\" data-element_type=\"container\">\n\t\t<div class=\"elementor-element elementor-element-1fca3c80 e-flex e-con-boxed e-con e-child\" data-id=\"1fca3c80\" data-element_type=\"container\" data-settings=\"{&quot;background_background&quot;:&quot;classic&quot;}\">\n\t\t\t\t\t<div class=\"e-con-inner\">\n\t\t\t\t<div class=\"elementor-element elementor-element-5885fc7d elementor-widget elementor-widget-heading\" data-id=\"5885fc7d\" data-element_type=\"widget\" data-widget_type=\"heading.default\">\n\t\t\t\t<div class=\"elementor-widget-container\">\n\t\t\t\t\t<h5 class=\"elementor-heading-title elementor-size-default\">Voc\u00ea precisa de ajuda?<\/h5>\t\t\t\t<\/div>\n\t\t\t\t<\/div>\n\t\t\t\t<div class=\"elementor-element elementor-element-224b193e elementor-widget elementor-widget-text-editor\" data-id=\"224b193e\" data-element_type=\"widget\" data-widget_type=\"text-editor.default\">\n\t\t\t\t<div class=\"elementor-widget-container\">\n\t\t\t\t\t\t\t\t\t<p>Voc\u00ea prefere falar com um especialista em vez de preencher um formul\u00e1rio? Ligue para n\u00f3s e colocaremos voc\u00ea em contato com um membro da nossa equipe que ter\u00e1 prazer em ajudar. <\/p>\n\t\t\t\t\t\t\t\t<\/div>\n\t\t\t\t<\/div>\n\t\t\t\t<div class=\"elementor-element elementor-element-2ce67b8 elementor-widget elementor-widget-heading\" data-id=\"2ce67b8\" data-element_type=\"widget\" data-widget_type=\"heading.default\">\n\t\t\t\t<div class=\"elementor-widget-container\">\n\t\t\t\t\t<p class=\"elementor-heading-title elementor-size-default\">+54 9 11 54255579<\/p>\t\t\t\t<\/div>\n\t\t\t\t<\/div>\n\t\t\t\t\t<\/div>\n\t\t\t\t<\/div>\n\t\t\t\t<\/div>\n\t\t\t\t\t<\/div>\n\t\t\t\t<\/div>\n\t\t<div class=\"elementor-element elementor-element-ab4d8ec e-flex e-con-boxed e-con e-parent\" data-id=\"ab4d8ec\" data-element_type=\"container\">\n\t\t\t\t\t<div class=\"e-con-inner\">\n\t\t\t\t<div class=\"elementor-element elementor-element-9f08082 elementor-widget elementor-widget-spacer\" data-id=\"9f08082\" data-element_type=\"widget\" data-widget_type=\"spacer.default\">\n\t\t\t\t<div class=\"elementor-widget-container\">\n\t\t\t\t\t\t\t<div class=\"elementor-spacer\">\n\t\t\t<div class=\"elementor-spacer-inner\"><\/div>\n\t\t<\/div>\n\t\t\t\t\t\t<\/div>\n\t\t\t\t<\/div>\n\t\t\t\t\t<\/div>\n\t\t\t\t<\/div>\n\t\t<div class=\"elementor-element elementor-element-687056d e-flex e-con-boxed e-con e-parent\" data-id=\"687056d\" data-element_type=\"container\">\n\t\t\t\t\t<div class=\"e-con-inner\">\n\t\t<div class=\"elementor-element elementor-element-08f9364 e-con-full e-flex e-con e-child\" data-id=\"08f9364\" data-element_type=\"container\">\n\t\t\t\t<div class=\"elementor-element elementor-element-451e850 elementor-position-left elementor-vertical-align-top elementor-widget elementor-widget-image-box\" data-id=\"451e850\" data-element_type=\"widget\" data-widget_type=\"image-box.default\">\n\t\t\t\t<div class=\"elementor-widget-container\">\n\t\t\t\t\t<div class=\"elementor-image-box-wrapper\"><figure class=\"elementor-image-box-img\"><img decoding=\"async\" width=\"267\" height=\"267\" src=\"https:\/\/claudiopiscicelli.com\/wp-content\/uploads\/2025\/01\/Icon-Line_11.png\" class=\"elementor-animation-grow attachment-full size-full wp-image-329\" alt=\"\" srcset=\"https:\/\/claudiopiscicelli.com\/wp-content\/uploads\/2025\/01\/Icon-Line_11.png 267w, https:\/\/claudiopiscicelli.com\/wp-content\/uploads\/2025\/01\/Icon-Line_11-150x150.png 150w\" sizes=\"(max-width: 267px) 100vw, 267px\" \/><\/figure><div class=\"elementor-image-box-content\"><h4 class=\"elementor-image-box-title\">Fornecimento estrat\u00e9gico<\/h4><p class=\"elementor-image-box-description\"><ul>\n    <li>An\u00e1lise de gastos de acordo com diferentes crit\u00e9rios<\/li>\n    <li>Matriz Kraljic<\/li>\n    <li>Matriz de prioriza\u00e7\u00e3o para implementa\u00e7\u00e3o<\/li>\n<\/ul>\n<\/p><\/div><\/div>\t\t\t\t<\/div>\n\t\t\t\t<\/div>\n\t\t\t\t<\/div>\n\t\t<div class=\"elementor-element elementor-element-c38425c e-con-full e-flex e-con e-child\" data-id=\"c38425c\" data-element_type=\"container\">\n\t\t\t\t<div class=\"elementor-element elementor-element-75974bf elementor-position-left elementor-vertical-align-top elementor-widget elementor-widget-image-box\" data-id=\"75974bf\" data-element_type=\"widget\" data-widget_type=\"image-box.default\">\n\t\t\t\t<div class=\"elementor-widget-container\">\n\t\t\t\t\t<div class=\"elementor-image-box-wrapper\"><figure class=\"elementor-image-box-img\"><img decoding=\"async\" width=\"268\" height=\"268\" src=\"https:\/\/claudiopiscicelli.com\/wp-content\/uploads\/2025\/01\/Icon-Line_8.png\" class=\"elementor-animation-grow attachment-full size-full wp-image-326\" alt=\"\" srcset=\"https:\/\/claudiopiscicelli.com\/wp-content\/uploads\/2025\/01\/Icon-Line_8.png 268w, https:\/\/claudiopiscicelli.com\/wp-content\/uploads\/2025\/01\/Icon-Line_8-150x150.png 150w\" sizes=\"(max-width: 268px) 100vw, 268px\" \/><\/figure><div class=\"elementor-image-box-content\"><h4 class=\"elementor-image-box-title\">Compras e contrata\u00e7\u00f5es<\/h4><p class=\"elementor-image-box-description\"><ul>\n    <li>Editais de licita\u00e7\u00e3o para projetos de investimento<\/li>\n    <li>Terceiriza\u00e7\u00e3o de servi\u00e7os<\/li>\n    <li>Avalia\u00e7\u00f5es t\u00e9cnicas, econ\u00f4micas e financeiras das propostas<\/li>\n<\/ul>\n<\/p><\/div><\/div>\t\t\t\t<\/div>\n\t\t\t\t<\/div>\n\t\t\t\t<\/div>\n\t\t<div class=\"elementor-element elementor-element-a0617a6 e-con-full e-flex e-con e-child\" data-id=\"a0617a6\" data-element_type=\"container\">\n\t\t\t\t<div class=\"elementor-element elementor-element-42604e0 elementor-position-left elementor-vertical-align-top elementor-widget elementor-widget-image-box\" data-id=\"42604e0\" data-element_type=\"widget\" data-widget_type=\"image-box.default\">\n\t\t\t\t<div class=\"elementor-widget-container\">\n\t\t\t\t\t<div class=\"elementor-image-box-wrapper\"><figure class=\"elementor-image-box-img\"><img loading=\"lazy\" decoding=\"async\" width=\"512\" height=\"512\" src=\"https:\/\/claudiopiscicelli.com\/wp-content\/uploads\/2025\/01\/statistic.png\" class=\"elementor-animation-grow attachment-full size-full wp-image-342\" alt=\"\" srcset=\"https:\/\/claudiopiscicelli.com\/wp-content\/uploads\/2025\/01\/statistic.png 512w, https:\/\/claudiopiscicelli.com\/wp-content\/uploads\/2025\/01\/statistic-300x300.png 300w, https:\/\/claudiopiscicelli.com\/wp-content\/uploads\/2025\/01\/statistic-150x150.png 150w\" sizes=\"(max-width: 512px) 100vw, 512px\" \/><\/figure><div class=\"elementor-image-box-content\"><h4 class=\"elementor-image-box-title\">Log\u00edstica<\/h4><p class=\"elementor-image-box-description\"><ul>\n    <li>Fornecimento e distribui\u00e7\u00e3o<\/li>\n    <li>Gerenciamento de estoque<\/li>\n    <li>Avalia\u00e7\u00e3o de estoques e ativos<\/li>\n<\/ul>\n<\/p><\/div><\/div>\t\t\t\t<\/div>\n\t\t\t\t<\/div>\n\t\t\t\t<\/div>\n\t\t<div class=\"elementor-element elementor-element-2db9089 e-con-full e-flex e-con e-child\" data-id=\"2db9089\" data-element_type=\"container\">\n\t\t\t\t<div class=\"elementor-element elementor-element-5024d476 elementor-position-left elementor-vertical-align-top elementor-widget elementor-widget-image-box\" data-id=\"5024d476\" data-element_type=\"widget\" data-widget_type=\"image-box.default\">\n\t\t\t\t<div class=\"elementor-widget-container\">\n\t\t\t\t\t<div class=\"elementor-image-box-wrapper\"><figure class=\"elementor-image-box-img\"><img loading=\"lazy\" decoding=\"async\" width=\"268\" height=\"268\" src=\"https:\/\/claudiopiscicelli.com\/wp-content\/uploads\/2025\/01\/Icon-Line_17.png\" class=\"elementor-animation-grow attachment-full size-full wp-image-335\" alt=\"\" srcset=\"https:\/\/claudiopiscicelli.com\/wp-content\/uploads\/2025\/01\/Icon-Line_17.png 268w, https:\/\/claudiopiscicelli.com\/wp-content\/uploads\/2025\/01\/Icon-Line_17-150x150.png 150w\" sizes=\"(max-width: 268px) 100vw, 268px\" \/><\/figure><div class=\"elementor-image-box-content\"><h4 class=\"elementor-image-box-title\">Cadeia de suprimentos<\/h4><p class=\"elementor-image-box-description\"><ul>\n    <li>An\u00e1lise cr\u00edtica<\/li>\n    <li>Diagn\u00f3stico da cadeia e identifica\u00e7\u00e3o de oportunidades de melhoria<\/li>\n    <li>Prioriza\u00e7\u00e3o de iniciativas e desenvolvimento de planos estrat\u00e9gicos, t\u00e1ticos e operacionais<\/li>\n<\/ul>\n<\/p><\/div><\/div>\t\t\t\t<\/div>\n\t\t\t\t<\/div>\n\t\t\t\t<\/div>\n\t\t<div class=\"elementor-element elementor-element-a5a1872 e-con-full e-flex e-con e-child\" data-id=\"a5a1872\" data-element_type=\"container\">\n\t\t\t\t<div class=\"elementor-element elementor-element-18e0490 elementor-position-left elementor-vertical-align-top elementor-widget elementor-widget-image-box\" data-id=\"18e0490\" data-element_type=\"widget\" data-widget_type=\"image-box.default\">\n\t\t\t\t<div class=\"elementor-widget-container\">\n\t\t\t\t\t<div class=\"elementor-image-box-wrapper\"><figure class=\"elementor-image-box-img\"><img loading=\"lazy\" decoding=\"async\" width=\"267\" height=\"268\" src=\"https:\/\/claudiopiscicelli.com\/wp-content\/uploads\/2025\/01\/Icon-Line_19.png\" class=\"elementor-animation-grow attachment-full size-full wp-image-337\" alt=\"\" srcset=\"https:\/\/claudiopiscicelli.com\/wp-content\/uploads\/2025\/01\/Icon-Line_19.png 267w, https:\/\/claudiopiscicelli.com\/wp-content\/uploads\/2025\/01\/Icon-Line_19-150x150.png 150w\" sizes=\"(max-width: 267px) 100vw, 267px\" \/><\/figure><div class=\"elementor-image-box-content\"><h4 class=\"elementor-image-box-title\">Controle de gerenciamento<\/h4><p class=\"elementor-image-box-description\"><ul>\n    <li>Desenvolvimento de pain\u00e9is<\/li>\n    <li>Principais indicadores<\/li>\n    <li>Identifica\u00e7\u00e3o de irregularidades e desvios de processo<\/li>\n<\/ul>\n<\/p><\/div><\/div>\t\t\t\t<\/div>\n\t\t\t\t<\/div>\n\t\t\t\t<\/div>\n\t\t<div class=\"elementor-element elementor-element-5f540ac e-con-full e-flex e-con e-child\" data-id=\"5f540ac\" data-element_type=\"container\">\n\t\t\t\t<div class=\"elementor-element elementor-element-f7d4730 elementor-position-left elementor-vertical-align-top elementor-widget elementor-widget-image-box\" data-id=\"f7d4730\" data-element_type=\"widget\" data-widget_type=\"image-box.default\">\n\t\t\t\t<div class=\"elementor-widget-container\">\n\t\t\t\t\t<div class=\"elementor-image-box-wrapper\"><figure class=\"elementor-image-box-img\"><img loading=\"lazy\" decoding=\"async\" width=\"96\" height=\"96\" src=\"https:\/\/claudiopiscicelli.com\/wp-content\/uploads\/2025\/01\/Strategy-1.png\" class=\"elementor-animation-grow attachment-full size-full wp-image-369\" alt=\"\" \/><\/figure><div class=\"elementor-image-box-content\"><h4 class=\"elementor-image-box-title\">Processos e procedimentos<\/h4><p class=\"elementor-image-box-description\">\n<ul>\n    <li>Projeto de bases regulat\u00f3rias<\/li>\n    <li>Mapeamento e revis\u00e3o de processos<\/li>\n    <li>An\u00e1lise enxuta<\/li>\n<\/ul>\n<\/p><\/div><\/div>\t\t\t\t<\/div>\n\t\t\t\t<\/div>\n\t\t\t\t<\/div>\n\t\t<div class=\"elementor-element elementor-element-9e10aa6 e-con-full e-flex e-con e-child\" data-id=\"9e10aa6\" data-element_type=\"container\">\n\t\t\t\t<div class=\"elementor-element elementor-element-83303ac elementor-position-left elementor-vertical-align-top elementor-widget elementor-widget-image-box\" data-id=\"83303ac\" data-element_type=\"widget\" data-widget_type=\"image-box.default\">\n\t\t\t\t<div class=\"elementor-widget-container\">\n\t\t\t\t\t<div class=\"elementor-image-box-wrapper\"><figure class=\"elementor-image-box-img\"><img loading=\"lazy\" decoding=\"async\" width=\"96\" height=\"96\" src=\"https:\/\/claudiopiscicelli.com\/wp-content\/uploads\/2025\/01\/Profit_1.png\" class=\"elementor-animation-grow attachment-full size-full wp-image-366\" alt=\"\" \/><\/figure><div class=\"elementor-image-box-content\"><h4 class=\"elementor-image-box-title\">Com\u00e9rcio internacional<\/h4><p class=\"elementor-image-box-description\"><ul>\n    <li>Conselhos<\/li>\n    <li>Otimiza\u00e7\u00e3o de custos de frete e portu\u00e1rios<\/li>\n    <li>FAT e inspe\u00e7\u00f5es pr\u00e9-embarque<\/li>\n<\/ul>\n\n<\/p><\/div><\/div>\t\t\t\t<\/div>\n\t\t\t\t<\/div>\n\t\t\t\t<\/div>\n\t\t<div class=\"elementor-element elementor-element-5e3c5af e-con-full e-flex e-con e-child\" data-id=\"5e3c5af\" data-element_type=\"container\">\n\t\t\t\t<div class=\"elementor-element elementor-element-5105ed5 elementor-position-left elementor-vertical-align-top elementor-widget elementor-widget-image-box\" data-id=\"5105ed5\" data-element_type=\"widget\" data-widget_type=\"image-box.default\">\n\t\t\t\t<div class=\"elementor-widget-container\">\n\t\t\t\t\t<div class=\"elementor-image-box-wrapper\"><figure class=\"elementor-image-box-img\"><img loading=\"lazy\" decoding=\"async\" width=\"96\" height=\"96\" src=\"https:\/\/claudiopiscicelli.com\/wp-content\/uploads\/2025\/01\/Connection.png\" class=\"elementor-animation-grow attachment-full size-full wp-image-349\" alt=\"\" \/><\/figure><div class=\"elementor-image-box-content\"><h4 class=\"elementor-image-box-title\">Gerenciamento de fornecedores<\/h4><p class=\"elementor-image-box-description\"><ul>\n    <li>Desenvolvimento de fornecedores<\/li>\n    <li>Pr\u00e9-qualifica\u00e7\u00e3o e registros de fornecedores<\/li>\n    <li>Avalia\u00e7\u00e3o, auditorias e inspe\u00e7\u00f5es<\/li>\n<\/ul>\n<\/p><\/div><\/div>\t\t\t\t<\/div>\n\t\t\t\t<\/div>\n\t\t\t\t<\/div>\n\t\t<div class=\"elementor-element elementor-element-4143915 e-con-full e-flex e-con e-child\" data-id=\"4143915\" data-element_type=\"container\">\n\t\t\t\t<div class=\"elementor-element elementor-element-b792c3c elementor-position-left elementor-vertical-align-top elementor-widget elementor-widget-image-box\" data-id=\"b792c3c\" data-element_type=\"widget\" data-widget_type=\"image-box.default\">\n\t\t\t\t<div class=\"elementor-widget-container\">\n\t\t\t\t\t<div class=\"elementor-image-box-wrapper\"><figure class=\"elementor-image-box-img\"><img loading=\"lazy\" decoding=\"async\" width=\"512\" height=\"512\" src=\"https:\/\/claudiopiscicelli.com\/wp-content\/uploads\/2025\/01\/candidate.png\" class=\"elementor-animation-grow attachment-full size-full wp-image-315\" alt=\"\" srcset=\"https:\/\/claudiopiscicelli.com\/wp-content\/uploads\/2025\/01\/candidate.png 512w, https:\/\/claudiopiscicelli.com\/wp-content\/uploads\/2025\/01\/candidate-300x300.png 300w, https:\/\/claudiopiscicelli.com\/wp-content\/uploads\/2025\/01\/candidate-150x150.png 150w\" sizes=\"(max-width: 512px) 100vw, 512px\" \/><\/figure><div class=\"elementor-image-box-content\"><h4 class=\"elementor-image-box-title\">Rela\u00e7\u00f5es com os clientes<\/h4><p class=\"elementor-image-box-description\"><ul>\n    <li>Contratos de n\u00edvel de servi\u00e7o<\/li>\n    <li>Pesquisas de satisfa\u00e7\u00e3o<\/li>\n    <li>Pesquisa de mercado<\/li>\n<\/ul>\n<\/p><\/div><\/div>\t\t\t\t<\/div>\n\t\t\t\t<\/div>\n\t\t\t\t<\/div>\n\t\t\t\t\t<\/div>\n\t\t\t\t<\/div>\n\t\t<div class=\"elementor-element elementor-element-072f183 e-flex e-con-boxed e-con e-parent\" data-id=\"072f183\" data-element_type=\"container\">\n\t\t\t\t\t<div class=\"e-con-inner\">\n\t\t\t\t<div class=\"elementor-element elementor-element-d118fd1 elementor-widget elementor-widget-spacer\" data-id=\"d118fd1\" data-element_type=\"widget\" data-widget_type=\"spacer.default\">\n\t\t\t\t<div class=\"elementor-widget-container\">\n\t\t\t\t\t\t\t<div class=\"elementor-spacer\">\n\t\t\t<div class=\"elementor-spacer-inner\"><\/div>\n\t\t<\/div>\n\t\t\t\t\t\t<\/div>\n\t\t\t\t<\/div>\n\t\t\t\t\t<\/div>\n\t\t\t\t<\/div>\n\t\t<div class=\"elementor-element elementor-element-751f03a3 e-flex e-con-boxed e-con e-parent\" data-id=\"751f03a3\" data-element_type=\"container\" data-settings=\"{&quot;background_background&quot;:&quot;classic&quot;}\">\n\t\t\t\t\t<div class=\"e-con-inner\">\n\t\t<div class=\"elementor-element elementor-element-26b9acb6 e-con-full e-flex e-con e-child\" data-id=\"26b9acb6\" data-element_type=\"container\">\n\t\t\t\t<div class=\"elementor-element elementor-element-227d0ed elementor-widget elementor-widget-heading\" data-id=\"227d0ed\" data-element_type=\"widget\" data-widget_type=\"heading.default\">\n\t\t\t\t<div class=\"elementor-widget-container\">\n\t\t\t\t\t<h2 class=\"elementor-heading-title elementor-size-default\">Proporcionando experi\u00eancias excepcionais para nossos clientes<\/h2>\t\t\t\t<\/div>\n\t\t\t\t<\/div>\n\t\t\t\t<\/div>\n\t\t<div class=\"elementor-element elementor-element-27475cd3 e-con-full e-flex e-con e-child\" data-id=\"27475cd3\" data-element_type=\"container\">\n\t\t\t\t<div class=\"elementor-element elementor-element-3b981cad elementor-widget elementor-widget-button\" data-id=\"3b981cad\" data-element_type=\"widget\" data-widget_type=\"button.default\">\n\t\t\t\t<div class=\"elementor-widget-container\">\n\t\t\t\t\t\t\t\t\t<div class=\"elementor-button-wrapper\">\n\t\t\t\t\t<a class=\"elementor-button elementor-button-link elementor-size-sm\" href=\"#\">\n\t\t\t\t\t\t<span class=\"elementor-button-content-wrapper\">\n\t\t\t\t\t\t\t\t\t<span class=\"elementor-button-text\">Vamos come\u00e7ar agora<\/span>\n\t\t\t\t\t<\/span>\n\t\t\t\t\t<\/a>\n\t\t\t\t<\/div>\n\t\t\t\t\t\t\t\t<\/div>\n\t\t\t\t<\/div>\n\t\t\t\t<\/div>\n\t\t\t\t\t<\/div>\n\t\t\t\t<\/div>\n\t\t\t\t<\/div>\n\t\t","protected":false},"excerpt":{"rendered":"<p>In\u00edcio Servi\u00e7os Consultoria Transforma\u00e7\u00e3o cultural Impulsionamos os resultados, analisando recursos, processos, relacionamentos e infraestrutura, respeitando a trajet\u00f3ria anterior das organiza\u00e7\u00f5es e redescobrindo oportunidades. Colaboramos na cria\u00e7\u00e3o e no gerenciamento de mudan\u00e7as, a fim de encontrar resultados extraordin\u00e1rios que possam ser contrastados com os anteriores. A partir das vari\u00e1veis de neg\u00f3cios identificadas, podemos definir novos destinos [&hellip;]<\/p>\n","protected":false},"author":1,"featured_media":0,"parent":0,"menu_order":0,"comment_status":"closed","ping_status":"closed","template":"elementor_header_footer","meta":{"footnotes":""},"class_list":["post-1399","page","type-page","status-publish","hentry"],"_links":{"self":[{"href":"https:\/\/claudiopiscicelli.com\/pt-br\/wp-json\/wp\/v2\/pages\/1399","targetHints":{"allow":["GET"]}}],"collection":[{"href":"https:\/\/claudiopiscicelli.com\/pt-br\/wp-json\/wp\/v2\/pages"}],"about":[{"href":"https:\/\/claudiopiscicelli.com\/pt-br\/wp-json\/wp\/v2\/types\/page"}],"author":[{"embeddable":true,"href":"https:\/\/claudiopiscicelli.com\/pt-br\/wp-json\/wp\/v2\/users\/1"}],"replies":[{"embeddable":true,"href":"https:\/\/claudiopiscicelli.com\/pt-br\/wp-json\/wp\/v2\/comments?post=1399"}],"version-history":[{"count":3,"href":"https:\/\/claudiopiscicelli.com\/pt-br\/wp-json\/wp\/v2\/pages\/1399\/revisions"}],"predecessor-version":[{"id":1615,"href":"https:\/\/claudiopiscicelli.com\/pt-br\/wp-json\/wp\/v2\/pages\/1399\/revisions\/1615"}],"wp:attachment":[{"href":"https:\/\/claudiopiscicelli.com\/pt-br\/wp-json\/wp\/v2\/media?parent=1399"}],"curies":[{"name":"wp","href":"https:\/\/api.w.org\/{rel}","templated":true}]}}