{"id":1471,"date":"2025-02-13T16:45:39","date_gmt":"2025-02-13T19:45:39","guid":{"rendered":"https:\/\/claudiopiscicelli.com\/?page_id=1471"},"modified":"2025-02-20T15:16:24","modified_gmt":"2025-02-20T18:16:24","slug":"consultoria-2","status":"publish","type":"page","link":"https:\/\/claudiopiscicelli.com\/pt-br\/consultoria-2\/","title":{"rendered":"Terceiriza\u00e7\u00e3o de processos de neg\u00f3cios (BPO)"},"content":{"rendered":"\t\t<div data-elementor-type=\"wp-page\" data-elementor-id=\"1471\" class=\"elementor elementor-1471 elementor-1469\" data-elementor-post-type=\"page\">\n\t\t\t\t<div class=\"elementor-element elementor-element-65cb1bcb e-con-full e-flex e-con e-parent\" data-id=\"65cb1bcb\" data-element_type=\"container\" data-settings=\"{&quot;background_background&quot;:&quot;classic&quot;}\">\n\t\t<div class=\"elementor-element elementor-element-61b27849 e-flex e-con-boxed e-con e-child\" data-id=\"61b27849\" data-element_type=\"container\" data-settings=\"{&quot;background_background&quot;:&quot;classic&quot;}\">\n\t\t\t\t\t<div class=\"e-con-inner\">\n\t\t\t\t<div class=\"elementor-element elementor-element-1595778d elementor-icon-list--layout-inline elementor-align-center elementor-list-item-link-full_width elementor-widget elementor-widget-icon-list\" data-id=\"1595778d\" data-element_type=\"widget\" data-widget_type=\"icon-list.default\">\n\t\t\t\t<div class=\"elementor-widget-container\">\n\t\t\t\t\t\t\t<ul class=\"elementor-icon-list-items elementor-inline-items\">\n\t\t\t\t\t\t\t<li class=\"elementor-icon-list-item elementor-inline-item\">\n\t\t\t\t\t\t\t\t\t\t\t<a href=\"#\">\n\n\t\t\t\t\t\t\t\t\t\t\t<span class=\"elementor-icon-list-text\">In\u00edcio<\/span>\n\t\t\t\t\t\t\t\t\t\t\t<\/a>\n\t\t\t\t\t\t\t\t\t<\/li>\n\t\t\t\t\t\t\t\t<li class=\"elementor-icon-list-item elementor-inline-item\">\n\t\t\t\t\t\t\t\t\t\t\t<a href=\"#\">\n\n\t\t\t\t\t\t\t\t\t\t\t<span class=\"elementor-icon-list-text\">Servi\u00e7os<\/span>\n\t\t\t\t\t\t\t\t\t\t\t<\/a>\n\t\t\t\t\t\t\t\t\t<\/li>\n\t\t\t\t\t\t<\/ul>\n\t\t\t\t\t\t<\/div>\n\t\t\t\t<\/div>\n\t\t\t\t<div class=\"elementor-element elementor-element-13d471a6 elementor-widget elementor-widget-heading\" data-id=\"13d471a6\" data-element_type=\"widget\" data-widget_type=\"heading.default\">\n\t\t\t\t<div class=\"elementor-widget-container\">\n\t\t\t\t\t<h1 class=\"elementor-heading-title elementor-size-default\">Terceiriza\u00e7\u00e3o de processos de neg\u00f3cios (BPO)<\/h1>\t\t\t\t<\/div>\n\t\t\t\t<\/div>\n\t\t\t\t\t<\/div>\n\t\t\t\t<\/div>\n\t\t\t\t<\/div>\n\t\t<div class=\"elementor-element elementor-element-3607e31d e-flex e-con-boxed e-con e-parent\" data-id=\"3607e31d\" data-element_type=\"container\" data-settings=\"{&quot;background_background&quot;:&quot;classic&quot;}\">\n\t\t\t\t\t<div class=\"e-con-inner\">\n\t\t<div class=\"elementor-element elementor-element-22f1121b e-con-full e-flex e-con e-child\" data-id=\"22f1121b\" data-element_type=\"container\">\n\t\t\t\t<div class=\"elementor-element elementor-element-5e7d7cce elementor-widget elementor-widget-image\" data-id=\"5e7d7cce\" data-element_type=\"widget\" data-widget_type=\"image.default\">\n\t\t\t\t<div class=\"elementor-widget-container\">\n\t\t\t\t\t\t\t\t\t\t\t\t\t\t\t<img fetchpriority=\"high\" decoding=\"async\" width=\"800\" height=\"533\" src=\"https:\/\/claudiopiscicelli.com\/wp-content\/uploads\/2025\/01\/coaching-training-and-help-with-business-people-in-call-center-for-telemarketing-customer-support-1024x682.jpg\" class=\"attachment-large size-large wp-image-736\" alt=\"Coaching, training and help with business people in call center for telemarketing, customer support\" srcset=\"https:\/\/claudiopiscicelli.com\/wp-content\/uploads\/2025\/01\/coaching-training-and-help-with-business-people-in-call-center-for-telemarketing-customer-support-1024x682.jpg 1024w, https:\/\/claudiopiscicelli.com\/wp-content\/uploads\/2025\/01\/coaching-training-and-help-with-business-people-in-call-center-for-telemarketing-customer-support-300x200.jpg 300w, https:\/\/claudiopiscicelli.com\/wp-content\/uploads\/2025\/01\/coaching-training-and-help-with-business-people-in-call-center-for-telemarketing-customer-support-768x512.jpg 768w, https:\/\/claudiopiscicelli.com\/wp-content\/uploads\/2025\/01\/coaching-training-and-help-with-business-people-in-call-center-for-telemarketing-customer-support-1536x1024.jpg 1536w, https:\/\/claudiopiscicelli.com\/wp-content\/uploads\/2025\/01\/coaching-training-and-help-with-business-people-in-call-center-for-telemarketing-customer-support.jpg 2000w\" sizes=\"(max-width: 800px) 100vw, 800px\" \/>\t\t\t\t\t\t\t\t\t\t\t\t\t\t\t<\/div>\n\t\t\t\t<\/div>\n\t\t\t\t<div class=\"elementor-element elementor-element-48d9d1f3 elementor-widget elementor-widget-heading\" data-id=\"48d9d1f3\" data-element_type=\"widget\" data-widget_type=\"heading.default\">\n\t\t\t\t<div class=\"elementor-widget-container\">\n\t\t\t\t\t<h2 class=\"elementor-heading-title elementor-size-default\">Terceiriza\u00e7\u00e3o de processos\n<\/h2>\t\t\t\t<\/div>\n\t\t\t\t<\/div>\n\t\t\t\t<div class=\"elementor-element elementor-element-21aecbf elementor-widget elementor-widget-text-editor\" data-id=\"21aecbf\" data-element_type=\"widget\" data-widget_type=\"text-editor.default\">\n\t\t\t\t<div class=\"elementor-widget-container\">\n\t\t\t\t\t\t\t\t\tOtimize seus neg\u00f3cios com a terceiriza\u00e7\u00e3o de processos\nN\u00e3o s\u00f3 fornecemos o capital humano certo, mas tamb\u00e9m o conhecimento e a tecnologia para levar sua empresa ao sucesso.<br><br>\nO que \u00e9 BPO e como ele pode transformar sua empresa?\nA terceiriza\u00e7\u00e3o de processos de neg\u00f3cios (BPO) \u00e9 muito mais do que uma tend\u00eancia. \u00c9 uma estrat\u00e9gia fundamental para delegar processos essenciais a especialistas, permitindo que voc\u00ea e sua equipe se concentrem no crescimento de seus neg\u00f3cios. \t\t\t\t\t\t\t\t<\/div>\n\t\t\t\t<\/div>\n\t\t\t\t<\/div>\n\t\t<div class=\"elementor-element elementor-element-3768f8bc e-con-full e-flex e-con e-child\" data-id=\"3768f8bc\" data-element_type=\"container\">\n\t\t<div class=\"elementor-element elementor-element-1fca3c80 e-flex e-con-boxed e-con e-child\" data-id=\"1fca3c80\" data-element_type=\"container\" data-settings=\"{&quot;background_background&quot;:&quot;classic&quot;}\">\n\t\t\t\t\t<div class=\"e-con-inner\">\n\t\t\t\t<div class=\"elementor-element elementor-element-5885fc7d elementor-widget elementor-widget-heading\" data-id=\"5885fc7d\" data-element_type=\"widget\" data-widget_type=\"heading.default\">\n\t\t\t\t<div class=\"elementor-widget-container\">\n\t\t\t\t\t<h5 class=\"elementor-heading-title elementor-size-default\">Voc\u00ea precisa de ajuda?<\/h5>\t\t\t\t<\/div>\n\t\t\t\t<\/div>\n\t\t\t\t<div class=\"elementor-element elementor-element-224b193e elementor-widget elementor-widget-text-editor\" data-id=\"224b193e\" data-element_type=\"widget\" data-widget_type=\"text-editor.default\">\n\t\t\t\t<div class=\"elementor-widget-container\">\n\t\t\t\t\t\t\t\t\t<p>Voc\u00ea prefere falar com um especialista em vez de preencher um formul\u00e1rio? Ligue para n\u00f3s e colocaremos voc\u00ea em contato com um membro da nossa equipe que ter\u00e1 prazer em ajudar. <\/p>\n\t\t\t\t\t\t\t\t<\/div>\n\t\t\t\t<\/div>\n\t\t\t\t<div class=\"elementor-element elementor-element-2ce67b8 elementor-widget elementor-widget-heading\" data-id=\"2ce67b8\" data-element_type=\"widget\" data-widget_type=\"heading.default\">\n\t\t\t\t<div class=\"elementor-widget-container\">\n\t\t\t\t\t<p class=\"elementor-heading-title elementor-size-default\">+54 9 11 54255579<\/p>\t\t\t\t<\/div>\n\t\t\t\t<\/div>\n\t\t\t\t\t<\/div>\n\t\t\t\t<\/div>\n\t\t\t\t<\/div>\n\t\t\t\t\t<\/div>\n\t\t\t\t<\/div>\n\t\t<div class=\"elementor-element elementor-element-a0ad860 e-flex e-con-boxed e-con e-parent\" data-id=\"a0ad860\" data-element_type=\"container\" data-settings=\"{&quot;background_background&quot;:&quot;gradient&quot;}\">\n\t\t\t\t\t<div class=\"e-con-inner\">\n\t\t<div class=\"elementor-element elementor-element-78e95f17 e-con-full e-flex e-con e-child\" data-id=\"78e95f17\" data-element_type=\"container\">\n\t\t\t\t<div class=\"elementor-element elementor-element-6b92859 elementor-widget elementor-widget-heading\" data-id=\"6b92859\" data-element_type=\"widget\" data-widget_type=\"heading.default\">\n\t\t\t\t<div class=\"elementor-widget-container\">\n\t\t\t\t\t<h2 class=\"elementor-heading-title elementor-size-default\">Benef\u00edcios da nossa terceiriza\u00e7\u00e3o de processos\n<\/h2>\t\t\t\t<\/div>\n\t\t\t\t<\/div>\n\t\t\t\t<\/div>\n\t\t<div class=\"elementor-element elementor-element-7b968b3 e-con-full e-flex e-con e-child\" data-id=\"7b968b3\" data-element_type=\"container\">\n\t\t\t\t<div class=\"elementor-element elementor-element-748d8252 elementor-widget__width-initial animated-slow elementor-widget-divider--view-line_text elementor-widget-divider--element-align-left elementor-widget-mobile__width-inherit elementor-invisible elementor-widget elementor-widget-divider\" data-id=\"748d8252\" data-element_type=\"widget\" data-settings=\"{&quot;_animation&quot;:&quot;fadeIn&quot;,&quot;_animation_delay&quot;:&quot;200&quot;}\" data-widget_type=\"divider.default\">\n\t\t\t\t<div class=\"elementor-widget-container\">\n\t\t\t\t\t\t\t<div class=\"elementor-divider\">\n\t\t\t<span class=\"elementor-divider-separator\">\n\t\t\t\t\t\t\t<span class=\"elementor-divider__text elementor-divider__element\">\n\t\t\t\t01\t\t\t\t<\/span>\n\t\t\t\t\t\t<\/span>\n\t\t<\/div>\n\t\t\t\t\t\t<\/div>\n\t\t\t\t<\/div>\n\t\t\t\t<div class=\"elementor-element elementor-element-7ab404b1 elementor-invisible elementor-widget elementor-widget-icon-box\" data-id=\"7ab404b1\" data-element_type=\"widget\" data-settings=\"{&quot;_animation&quot;:&quot;fadeInUp&quot;}\" data-widget_type=\"icon-box.default\">\n\t\t\t\t<div class=\"elementor-widget-container\">\n\t\t\t\t\t\t\t<div class=\"elementor-icon-box-wrapper\">\n\n\t\t\t\n\t\t\t\t\t\t<div class=\"elementor-icon-box-content\">\n\n\t\t\t\t\t\t\t\t\t<h3 class=\"elementor-icon-box-title\">\n\t\t\t\t\t\t<span  >\n\t\t\t\t\t\t\tFoco no neg\u00f3cio principal\t\t\t\t\t\t<\/span>\n\t\t\t\t\t<\/h3>\n\t\t\t\t\n\t\t\t\t\t\t\t\t\t<p class=\"elementor-icon-box-description\">\n\t\t\t\t\t\tLibere tempo e recursos para que voc\u00ea se concentre nas atividades que realmente agregam valor ao seu neg\u00f3cio.\n\n\t\t\t\t\t<\/p>\n\t\t\t\t\n\t\t\t<\/div>\n\t\t\t\n\t\t<\/div>\n\t\t\t\t\t\t<\/div>\n\t\t\t\t<\/div>\n\t\t\t\t<div class=\"elementor-element elementor-element-f51f5bc elementor-widget__width-initial animated-slow elementor-widget-divider--view-line_text elementor-widget-divider--element-align-left elementor-widget-mobile__width-inherit elementor-invisible elementor-widget elementor-widget-divider\" data-id=\"f51f5bc\" data-element_type=\"widget\" data-settings=\"{&quot;_animation&quot;:&quot;fadeIn&quot;,&quot;_animation_delay&quot;:&quot;200&quot;}\" data-widget_type=\"divider.default\">\n\t\t\t\t<div class=\"elementor-widget-container\">\n\t\t\t\t\t\t\t<div class=\"elementor-divider\">\n\t\t\t<span class=\"elementor-divider-separator\">\n\t\t\t\t\t\t\t<span class=\"elementor-divider__text elementor-divider__element\">\n\t\t\t\t03\t\t\t\t<\/span>\n\t\t\t\t\t\t<\/span>\n\t\t<\/div>\n\t\t\t\t\t\t<\/div>\n\t\t\t\t<\/div>\n\t\t\t\t<div class=\"elementor-element elementor-element-719ce1c6 elementor-invisible elementor-widget elementor-widget-icon-box\" data-id=\"719ce1c6\" data-element_type=\"widget\" data-settings=\"{&quot;_animation&quot;:&quot;fadeInUp&quot;}\" data-widget_type=\"icon-box.default\">\n\t\t\t\t<div class=\"elementor-widget-container\">\n\t\t\t\t\t\t\t<div class=\"elementor-icon-box-wrapper\">\n\n\t\t\t\n\t\t\t\t\t\t<div class=\"elementor-icon-box-content\">\n\n\t\t\t\t\t\t\t\t\t<h3 class=\"elementor-icon-box-title\">\n\t\t\t\t\t\t<span  >\n\t\t\t\t\t\t\tRedu\u00e7\u00e3o de custos\t\t\t\t\t\t<\/span>\n\t\t\t\t\t<\/h3>\n\t\t\t\t\n\t\t\t\t\t\t\t\t\t<p class=\"elementor-icon-box-description\">\n\t\t\t\t\t\tOtimize seus recursos sem comprometer a qualidade dos servi\u00e7os.\n\n\t\t\t\t\t<\/p>\n\t\t\t\t\n\t\t\t<\/div>\n\t\t\t\n\t\t<\/div>\n\t\t\t\t\t\t<\/div>\n\t\t\t\t<\/div>\n\t\t\t\t<\/div>\n\t\t<div class=\"elementor-element elementor-element-3de99e06 e-con-full e-flex e-con e-child\" data-id=\"3de99e06\" data-element_type=\"container\">\n\t\t\t\t<div class=\"elementor-element elementor-element-1f9bd6aa elementor-widget__width-initial animated-slow elementor-widget-divider--view-line_text elementor-widget-divider--element-align-left elementor-widget-mobile__width-inherit elementor-invisible elementor-widget elementor-widget-divider\" data-id=\"1f9bd6aa\" data-element_type=\"widget\" data-settings=\"{&quot;_animation&quot;:&quot;fadeIn&quot;,&quot;_animation_delay&quot;:&quot;200&quot;}\" data-widget_type=\"divider.default\">\n\t\t\t\t<div class=\"elementor-widget-container\">\n\t\t\t\t\t\t\t<div class=\"elementor-divider\">\n\t\t\t<span class=\"elementor-divider-separator\">\n\t\t\t\t\t\t\t<span class=\"elementor-divider__text elementor-divider__element\">\n\t\t\t\t02\t\t\t\t<\/span>\n\t\t\t\t\t\t<\/span>\n\t\t<\/div>\n\t\t\t\t\t\t<\/div>\n\t\t\t\t<\/div>\n\t\t\t\t<div class=\"elementor-element elementor-element-314bec5f elementor-invisible elementor-widget elementor-widget-icon-box\" data-id=\"314bec5f\" data-element_type=\"widget\" data-settings=\"{&quot;_animation&quot;:&quot;fadeInUp&quot;}\" data-widget_type=\"icon-box.default\">\n\t\t\t\t<div class=\"elementor-widget-container\">\n\t\t\t\t\t\t\t<div class=\"elementor-icon-box-wrapper\">\n\n\t\t\t\n\t\t\t\t\t\t<div class=\"elementor-icon-box-content\">\n\n\t\t\t\t\t\t\t\t\t<h3 class=\"elementor-icon-box-title\">\n\t\t\t\t\t\t<span  >\n\t\t\t\t\t\t\tFlexibilidade\t\t\t\t\t\t<\/span>\n\t\t\t\t\t<\/h3>\n\t\t\t\t\n\t\t\t\t\t\t\t\t\t<p class=\"elementor-icon-box-description\">\n\t\t\t\t\t\tEle ajusta os recursos de acordo com a demanda e agiliza a tomada de decis\u00f5es estrat\u00e9gicas.\n\n\t\t\t\t\t<\/p>\n\t\t\t\t\n\t\t\t<\/div>\n\t\t\t\n\t\t<\/div>\n\t\t\t\t\t\t<\/div>\n\t\t\t\t<\/div>\n\t\t\t\t<div class=\"elementor-element elementor-element-51d60b0f elementor-widget__width-initial animated-slow elementor-widget-divider--view-line_text elementor-widget-divider--element-align-left elementor-widget-mobile__width-inherit elementor-invisible elementor-widget elementor-widget-divider\" data-id=\"51d60b0f\" data-element_type=\"widget\" data-settings=\"{&quot;_animation&quot;:&quot;fadeIn&quot;,&quot;_animation_delay&quot;:&quot;200&quot;}\" data-widget_type=\"divider.default\">\n\t\t\t\t<div class=\"elementor-widget-container\">\n\t\t\t\t\t\t\t<div class=\"elementor-divider\">\n\t\t\t<span class=\"elementor-divider-separator\">\n\t\t\t\t\t\t\t<span class=\"elementor-divider__text elementor-divider__element\">\n\t\t\t\t04\t\t\t\t<\/span>\n\t\t\t\t\t\t<\/span>\n\t\t<\/div>\n\t\t\t\t\t\t<\/div>\n\t\t\t\t<\/div>\n\t\t\t\t<div class=\"elementor-element elementor-element-5fda96bd elementor-invisible elementor-widget elementor-widget-icon-box\" data-id=\"5fda96bd\" data-element_type=\"widget\" data-settings=\"{&quot;_animation&quot;:&quot;fadeInUp&quot;}\" data-widget_type=\"icon-box.default\">\n\t\t\t\t<div class=\"elementor-widget-container\">\n\t\t\t\t\t\t\t<div class=\"elementor-icon-box-wrapper\">\n\n\t\t\t\n\t\t\t\t\t\t<div class=\"elementor-icon-box-content\">\n\n\t\t\t\t\t\t\t\t\t<h3 class=\"elementor-icon-box-title\">\n\t\t\t\t\t\t<span  >\n\t\t\t\t\t\t\tAcesso a talentos especializados\t\t\t\t\t\t<\/span>\n\t\t\t\t\t<\/h3>\n\t\t\t\t\n\t\t\t\t\t\t\t\t\t<p class=\"elementor-icon-box-description\">\n\t\t\t\t\t\tVoc\u00ea pode contar com profissionais altamente qualificados em diferentes \u00e1reas sem a necessidade de gerenciar processos de recrutamento ou treinamento interno.\n\n\t\t\t\t\t<\/p>\n\t\t\t\t\n\t\t\t<\/div>\n\t\t\t\n\t\t<\/div>\n\t\t\t\t\t\t<\/div>\n\t\t\t\t<\/div>\n\t\t\t\t<\/div>\n\t\t\t\t\t<\/div>\n\t\t\t\t<\/div>\n\t\t<div class=\"elementor-element elementor-element-ab4d8ec e-flex e-con-boxed e-con e-parent\" data-id=\"ab4d8ec\" data-element_type=\"container\">\n\t\t\t\t\t<div class=\"e-con-inner\">\n\t\t\t\t<div class=\"elementor-element elementor-element-9f08082 elementor-widget elementor-widget-spacer\" data-id=\"9f08082\" data-element_type=\"widget\" data-widget_type=\"spacer.default\">\n\t\t\t\t<div class=\"elementor-widget-container\">\n\t\t\t\t\t\t\t<div class=\"elementor-spacer\">\n\t\t\t<div class=\"elementor-spacer-inner\"><\/div>\n\t\t<\/div>\n\t\t\t\t\t\t<\/div>\n\t\t\t\t<\/div>\n\t\t\t\t\t<\/div>\n\t\t\t\t<\/div>\n\t\t<div class=\"elementor-element elementor-element-072f183 e-flex e-con-boxed e-con e-parent\" data-id=\"072f183\" data-element_type=\"container\">\n\t\t\t\t\t<div class=\"e-con-inner\">\n\t\t\t\t<div class=\"elementor-element elementor-element-d118fd1 elementor-widget elementor-widget-spacer\" data-id=\"d118fd1\" data-element_type=\"widget\" data-widget_type=\"spacer.default\">\n\t\t\t\t<div class=\"elementor-widget-container\">\n\t\t\t\t\t\t\t<div class=\"elementor-spacer\">\n\t\t\t<div class=\"elementor-spacer-inner\"><\/div>\n\t\t<\/div>\n\t\t\t\t\t\t<\/div>\n\t\t\t\t<\/div>\n\t\t\t\t\t<\/div>\n\t\t\t\t<\/div>\n\t\t<div class=\"elementor-element elementor-element-751f03a3 e-flex e-con-boxed e-con e-parent\" data-id=\"751f03a3\" data-element_type=\"container\" data-settings=\"{&quot;background_background&quot;:&quot;classic&quot;}\">\n\t\t\t\t\t<div class=\"e-con-inner\">\n\t\t<div class=\"elementor-element elementor-element-26b9acb6 e-con-full e-flex e-con e-child\" data-id=\"26b9acb6\" data-element_type=\"container\">\n\t\t\t\t<div class=\"elementor-element elementor-element-227d0ed elementor-widget elementor-widget-heading\" data-id=\"227d0ed\" data-element_type=\"widget\" data-widget_type=\"heading.default\">\n\t\t\t\t<div class=\"elementor-widget-container\">\n\t\t\t\t\t<h2 class=\"elementor-heading-title elementor-size-default\">Proporcionando experi\u00eancias excepcionais para nossos clientes<\/h2>\t\t\t\t<\/div>\n\t\t\t\t<\/div>\n\t\t\t\t<\/div>\n\t\t<div class=\"elementor-element elementor-element-27475cd3 e-con-full e-flex e-con e-child\" data-id=\"27475cd3\" data-element_type=\"container\">\n\t\t\t\t<div class=\"elementor-element elementor-element-3b981cad elementor-widget elementor-widget-button\" data-id=\"3b981cad\" data-element_type=\"widget\" data-widget_type=\"button.default\">\n\t\t\t\t<div class=\"elementor-widget-container\">\n\t\t\t\t\t\t\t\t\t<div class=\"elementor-button-wrapper\">\n\t\t\t\t\t<a class=\"elementor-button elementor-button-link elementor-size-sm\" href=\"#\">\n\t\t\t\t\t\t<span class=\"elementor-button-content-wrapper\">\n\t\t\t\t\t\t\t\t\t<span class=\"elementor-button-text\">Vamos come\u00e7ar agora<\/span>\n\t\t\t\t\t<\/span>\n\t\t\t\t\t<\/a>\n\t\t\t\t<\/div>\n\t\t\t\t\t\t\t\t<\/div>\n\t\t\t\t<\/div>\n\t\t\t\t<\/div>\n\t\t\t\t\t<\/div>\n\t\t\t\t<\/div>\n\t\t\t\t<\/div>\n\t\t","protected":false},"excerpt":{"rendered":"<p>In\u00edcio Servi\u00e7os Terceiriza\u00e7\u00e3o de processos de neg\u00f3cios (BPO) Terceiriza\u00e7\u00e3o de processos Otimize seus neg\u00f3cios com a terceiriza\u00e7\u00e3o de processos N\u00e3o s\u00f3 fornecemos o capital humano certo, mas tamb\u00e9m o conhecimento e a tecnologia para levar sua empresa ao sucesso. O que \u00e9 BPO e como ele pode transformar sua empresa? A terceiriza\u00e7\u00e3o de processos de [&hellip;]<\/p>\n","protected":false},"author":1,"featured_media":0,"parent":0,"menu_order":0,"comment_status":"closed","ping_status":"closed","template":"elementor_header_footer","meta":{"footnotes":""},"class_list":["post-1471","page","type-page","status-publish","hentry"],"_links":{"self":[{"href":"https:\/\/claudiopiscicelli.com\/pt-br\/wp-json\/wp\/v2\/pages\/1471","targetHints":{"allow":["GET"]}}],"collection":[{"href":"https:\/\/claudiopiscicelli.com\/pt-br\/wp-json\/wp\/v2\/pages"}],"about":[{"href":"https:\/\/claudiopiscicelli.com\/pt-br\/wp-json\/wp\/v2\/types\/page"}],"author":[{"embeddable":true,"href":"https:\/\/claudiopiscicelli.com\/pt-br\/wp-json\/wp\/v2\/users\/1"}],"replies":[{"embeddable":true,"href":"https:\/\/claudiopiscicelli.com\/pt-br\/wp-json\/wp\/v2\/comments?post=1471"}],"version-history":[{"count":4,"href":"https:\/\/claudiopiscicelli.com\/pt-br\/wp-json\/wp\/v2\/pages\/1471\/revisions"}],"predecessor-version":[{"id":1581,"href":"https:\/\/claudiopiscicelli.com\/pt-br\/wp-json\/wp\/v2\/pages\/1471\/revisions\/1581"}],"wp:attachment":[{"href":"https:\/\/claudiopiscicelli.com\/pt-br\/wp-json\/wp\/v2\/media?parent=1471"}],"curies":[{"name":"wp","href":"https:\/\/api.w.org\/{rel}","templated":true}]}}