{"id":1591,"date":"2025-01-10T18:20:42","date_gmt":"2025-01-10T21:20:42","guid":{"rendered":"https:\/\/claudiopiscicelli.com\/conscientizacao-organizacional\/"},"modified":"2025-02-20T15:17:25","modified_gmt":"2025-02-20T18:17:25","slug":"conscientizacao-organizacional","status":"publish","type":"page","link":"https:\/\/claudiopiscicelli.com\/pt-br\/conscientizacao-organizacional\/","title":{"rendered":"Conscientiza\u00e7\u00e3o organizacional"},"content":{"rendered":"\t\t<div data-elementor-type=\"wp-page\" data-elementor-id=\"1591\" class=\"elementor elementor-1591 elementor-536\" data-elementor-post-type=\"page\">\n\t\t\t\t<div class=\"elementor-element elementor-element-65cb1bcb e-con-full e-flex e-con e-parent\" data-id=\"65cb1bcb\" data-element_type=\"container\" data-settings=\"{&quot;background_background&quot;:&quot;classic&quot;}\">\n\t\t<div class=\"elementor-element elementor-element-61b27849 e-flex e-con-boxed e-con e-child\" data-id=\"61b27849\" data-element_type=\"container\" data-settings=\"{&quot;background_background&quot;:&quot;classic&quot;}\">\n\t\t\t\t\t<div class=\"e-con-inner\">\n\t\t\t\t<div class=\"elementor-element elementor-element-13d471a6 elementor-widget elementor-widget-heading\" data-id=\"13d471a6\" data-element_type=\"widget\" data-widget_type=\"heading.default\">\n\t\t\t\t<div class=\"elementor-widget-container\">\n\t\t\t\t\t<h1 class=\"elementor-heading-title elementor-size-default\">Autodiagn\u00f3stico do n\u00edvel de conscientiza\u00e7\u00e3o organizacional\n\n<\/h1>\t\t\t\t<\/div>\n\t\t\t\t<\/div>\n\t\t\t\t\t<\/div>\n\t\t\t\t<\/div>\n\t\t\t\t<\/div>\n\t\t<div class=\"elementor-element elementor-element-ce689ce e-flex e-con-boxed e-con e-parent\" data-id=\"ce689ce\" data-element_type=\"container\">\n\t\t\t\t\t<div class=\"e-con-inner\">\n\t\t\t\t<div class=\"elementor-element elementor-element-68dae26 elementor-widget elementor-widget-spacer\" data-id=\"68dae26\" data-element_type=\"widget\" data-widget_type=\"spacer.default\">\n\t\t\t\t<div class=\"elementor-widget-container\">\n\t\t\t\t\t\t\t<div class=\"elementor-spacer\">\n\t\t\t<div class=\"elementor-spacer-inner\"><\/div>\n\t\t<\/div>\n\t\t\t\t\t\t<\/div>\n\t\t\t\t<\/div>\n\t\t\t\t\t<\/div>\n\t\t\t\t<\/div>\n\t\t<div class=\"elementor-element elementor-element-b564e3a e-flex e-con-boxed e-con e-parent\" data-id=\"b564e3a\" data-element_type=\"container\">\n\t\t\t\t\t<div class=\"e-con-inner\">\n\t\t\t\t<div class=\"elementor-element elementor-element-a9e41db elementor-widget elementor-widget-html\" data-id=\"a9e41db\" data-element_type=\"widget\" data-widget_type=\"html.default\">\n\t\t\t\t<div class=\"elementor-widget-container\">\n\t\t\t\t\t<div style=\"width: 100%; overflow: hidden;\">\n    <iframe id=\"responsive-iframe\" src=\"https:\/\/estudios.claudiopiscicelli.com\/survey\/intro\/form-3\" style=\"width: 100%; height: 120vh; border: none;\" scrolling=\"yes\">\n    <\/iframe>\n<\/div>\n\n\n\n<script>\n    function resizeIframe(iframe) {\n        iframe.style.height = iframe.contentWindow.document.body.scrollHeight + \"px\";\n    }\n\n    window.addEventListener(\"resize\", function() {\n        const iframe = document.getElementById(\"responsive-iframe\");\n        if (iframe) {\n            iframe.style.height = iframe.contentWindow.document.body.scrollHeight + \"px\";\n        }\n    });\n<\/script>\n\n\t\t\t\t<\/div>\n\t\t\t\t<\/div>\n\t\t\t\t\t<\/div>\n\t\t\t\t<\/div>\n\t\t<div class=\"elementor-element elementor-element-072f183 e-flex e-con-boxed e-con e-parent\" data-id=\"072f183\" data-element_type=\"container\">\n\t\t\t\t\t<div class=\"e-con-inner\">\n\t\t\t\t<div class=\"elementor-element elementor-element-d118fd1 elementor-widget elementor-widget-spacer\" data-id=\"d118fd1\" data-element_type=\"widget\" data-widget_type=\"spacer.default\">\n\t\t\t\t<div class=\"elementor-widget-container\">\n\t\t\t\t\t\t\t<div class=\"elementor-spacer\">\n\t\t\t<div class=\"elementor-spacer-inner\"><\/div>\n\t\t<\/div>\n\t\t\t\t\t\t<\/div>\n\t\t\t\t<\/div>\n\t\t\t\t\t<\/div>\n\t\t\t\t<\/div>\n\t\t<div class=\"elementor-element elementor-element-751f03a3 e-flex e-con-boxed e-con e-parent\" data-id=\"751f03a3\" data-element_type=\"container\" data-settings=\"{&quot;background_background&quot;:&quot;classic&quot;}\">\n\t\t\t\t\t<div class=\"e-con-inner\">\n\t\t<div class=\"elementor-element elementor-element-26b9acb6 e-con-full e-flex e-con e-child\" data-id=\"26b9acb6\" data-element_type=\"container\">\n\t\t\t\t<div class=\"elementor-element elementor-element-227d0ed elementor-widget elementor-widget-heading\" data-id=\"227d0ed\" data-element_type=\"widget\" data-widget_type=\"heading.default\">\n\t\t\t\t<div class=\"elementor-widget-container\">\n\t\t\t\t\t<h2 class=\"elementor-heading-title elementor-size-default\">Proporcionando experi\u00eancias excepcionais para nossos clientes<\/h2>\t\t\t\t<\/div>\n\t\t\t\t<\/div>\n\t\t\t\t<\/div>\n\t\t<div class=\"elementor-element elementor-element-27475cd3 e-con-full e-flex e-con e-child\" data-id=\"27475cd3\" data-element_type=\"container\">\n\t\t\t\t<div class=\"elementor-element elementor-element-3b981cad elementor-widget elementor-widget-button\" data-id=\"3b981cad\" data-element_type=\"widget\" data-widget_type=\"button.default\">\n\t\t\t\t<div class=\"elementor-widget-container\">\n\t\t\t\t\t\t\t\t\t<div class=\"elementor-button-wrapper\">\n\t\t\t\t\t<a class=\"elementor-button elementor-button-link elementor-size-sm\" href=\"#\">\n\t\t\t\t\t\t<span class=\"elementor-button-content-wrapper\">\n\t\t\t\t\t\t\t\t\t<span class=\"elementor-button-text\">Vamos come\u00e7ar agora<\/span>\n\t\t\t\t\t<\/span>\n\t\t\t\t\t<\/a>\n\t\t\t\t<\/div>\n\t\t\t\t\t\t\t\t<\/div>\n\t\t\t\t<\/div>\n\t\t\t\t<\/div>\n\t\t\t\t\t<\/div>\n\t\t\t\t<\/div>\n\t\t\t\t<\/div>\n\t\t","protected":false},"excerpt":{"rendered":"<p>Autodiagn\u00f3stico do n\u00edvel de conscientiza\u00e7\u00e3o organizacional Proporcionando experi\u00eancias excepcionais para nossos clientes Vamos come\u00e7ar agora<\/p>\n","protected":false},"author":1,"featured_media":0,"parent":0,"menu_order":0,"comment_status":"closed","ping_status":"closed","template":"elementor_header_footer","meta":{"footnotes":""},"class_list":["post-1591","page","type-page","status-publish","hentry"],"_links":{"self":[{"href":"https:\/\/claudiopiscicelli.com\/pt-br\/wp-json\/wp\/v2\/pages\/1591","targetHints":{"allow":["GET"]}}],"collection":[{"href":"https:\/\/claudiopiscicelli.com\/pt-br\/wp-json\/wp\/v2\/pages"}],"about":[{"href":"https:\/\/claudiopiscicelli.com\/pt-br\/wp-json\/wp\/v2\/types\/page"}],"author":[{"embeddable":true,"href":"https:\/\/claudiopiscicelli.com\/pt-br\/wp-json\/wp\/v2\/users\/1"}],"replies":[{"embeddable":true,"href":"https:\/\/claudiopiscicelli.com\/pt-br\/wp-json\/wp\/v2\/comments?post=1591"}],"version-history":[{"count":1,"href":"https:\/\/claudiopiscicelli.com\/pt-br\/wp-json\/wp\/v2\/pages\/1591\/revisions"}],"predecessor-version":[{"id":1593,"href":"https:\/\/claudiopiscicelli.com\/pt-br\/wp-json\/wp\/v2\/pages\/1591\/revisions\/1593"}],"wp:attachment":[{"href":"https:\/\/claudiopiscicelli.com\/pt-br\/wp-json\/wp\/v2\/media?parent=1591"}],"curies":[{"name":"wp","href":"https:\/\/api.w.org\/{rel}","templated":true}]}}