{"id":1609,"date":"2025-01-15T17:15:24","date_gmt":"2025-01-15T20:15:24","guid":{"rendered":"https:\/\/claudiopiscicelli.com\/representacao\/"},"modified":"2025-02-20T15:18:40","modified_gmt":"2025-02-20T18:18:40","slug":"representacao","status":"publish","type":"page","link":"https:\/\/claudiopiscicelli.com\/pt-br\/representacao\/","title":{"rendered":"Representa\u00e7\u00e3o"},"content":{"rendered":"\t\t<div data-elementor-type=\"wp-page\" data-elementor-id=\"1609\" class=\"elementor elementor-1609 elementor-706\" data-elementor-post-type=\"page\">\n\t\t\t\t<div class=\"elementor-element elementor-element-65cb1bcb e-con-full e-flex e-con e-parent\" data-id=\"65cb1bcb\" data-element_type=\"container\" data-settings=\"{&quot;background_background&quot;:&quot;classic&quot;}\">\n\t\t<div class=\"elementor-element elementor-element-61b27849 e-flex e-con-boxed e-con e-child\" data-id=\"61b27849\" data-element_type=\"container\" data-settings=\"{&quot;background_background&quot;:&quot;classic&quot;}\">\n\t\t\t\t\t<div class=\"e-con-inner\">\n\t\t\t\t<div class=\"elementor-element elementor-element-1595778d elementor-icon-list--layout-inline elementor-align-center elementor-list-item-link-full_width elementor-widget elementor-widget-icon-list\" data-id=\"1595778d\" data-element_type=\"widget\" data-widget_type=\"icon-list.default\">\n\t\t\t\t<div class=\"elementor-widget-container\">\n\t\t\t\t\t\t\t<ul class=\"elementor-icon-list-items elementor-inline-items\">\n\t\t\t\t\t\t\t<li class=\"elementor-icon-list-item elementor-inline-item\">\n\t\t\t\t\t\t\t\t\t\t\t<a href=\"#\">\n\n\t\t\t\t\t\t\t\t\t\t\t<span class=\"elementor-icon-list-text\">In\u00edcio<\/span>\n\t\t\t\t\t\t\t\t\t\t\t<\/a>\n\t\t\t\t\t\t\t\t\t<\/li>\n\t\t\t\t\t\t\t\t<li class=\"elementor-icon-list-item elementor-inline-item\">\n\t\t\t\t\t\t\t\t\t\t\t<a href=\"#\">\n\n\t\t\t\t\t\t\t\t\t\t\t<span class=\"elementor-icon-list-text\">Servi\u00e7os<\/span>\n\t\t\t\t\t\t\t\t\t\t\t<\/a>\n\t\t\t\t\t\t\t\t\t<\/li>\n\t\t\t\t\t\t<\/ul>\n\t\t\t\t\t\t<\/div>\n\t\t\t\t<\/div>\n\t\t\t\t<div class=\"elementor-element elementor-element-13d471a6 elementor-widget elementor-widget-heading\" data-id=\"13d471a6\" data-element_type=\"widget\" data-widget_type=\"heading.default\">\n\t\t\t\t<div class=\"elementor-widget-container\">\n\t\t\t\t\t<h1 class=\"elementor-heading-title elementor-size-default\">Representa\u00e7\u00e3o<span style=\"background-color: var( --e-global-color-primary );color: var( --e-global-color-d84792f );font-family: var( --e-global-typography-48b5196-font-family ), Sans-serif;font-size: var( --e-global-typography-48b5196-font-size );font-weight: var( --e-global-typography-48b5196-font-weight );letter-spacing: var( --e-global-typography-48b5196-letter-spacing );text-transform: var( --e-global-typography-48b5196-text-transform )\"><\/span><\/h1>\t\t\t\t<\/div>\n\t\t\t\t<\/div>\n\t\t\t\t\t<\/div>\n\t\t\t\t<\/div>\n\t\t\t\t<\/div>\n\t\t<div class=\"elementor-element elementor-element-3607e31d e-flex e-con-boxed e-con e-parent\" data-id=\"3607e31d\" data-element_type=\"container\" data-settings=\"{&quot;background_background&quot;:&quot;classic&quot;}\">\n\t\t\t\t\t<div class=\"e-con-inner\">\n\t\t<div class=\"elementor-element elementor-element-22f1121b e-con-full e-flex e-con e-child\" data-id=\"22f1121b\" data-element_type=\"container\">\n\t\t\t\t<div class=\"elementor-element elementor-element-5e7d7cce elementor-widget elementor-widget-image\" data-id=\"5e7d7cce\" data-element_type=\"widget\" data-widget_type=\"image.default\">\n\t\t\t\t<div class=\"elementor-widget-container\">\n\t\t\t\t\t\t\t\t\t\t\t\t\t\t\t<img fetchpriority=\"high\" decoding=\"async\" width=\"800\" height=\"534\" src=\"https:\/\/claudiopiscicelli.com\/wp-content\/uploads\/2025\/02\/funnel-sale-generation-1024x683.png\" class=\"attachment-large size-large wp-image-1459\" alt=\"\" srcset=\"https:\/\/claudiopiscicelli.com\/wp-content\/uploads\/2025\/02\/funnel-sale-generation-1024x683.png 1024w, https:\/\/claudiopiscicelli.com\/wp-content\/uploads\/2025\/02\/funnel-sale-generation-300x200.png 300w, https:\/\/claudiopiscicelli.com\/wp-content\/uploads\/2025\/02\/funnel-sale-generation-768x512.png 768w, https:\/\/claudiopiscicelli.com\/wp-content\/uploads\/2025\/02\/funnel-sale-generation-1536x1024.png 1536w, https:\/\/claudiopiscicelli.com\/wp-content\/uploads\/2025\/02\/funnel-sale-generation-2048x1365.png 2048w\" sizes=\"(max-width: 800px) 100vw, 800px\" \/>\t\t\t\t\t\t\t\t\t\t\t\t\t\t\t<\/div>\n\t\t\t\t<\/div>\n\t\t\t\t<div class=\"elementor-element elementor-element-48d9d1f3 elementor-widget elementor-widget-heading\" data-id=\"48d9d1f3\" data-element_type=\"widget\" data-widget_type=\"heading.default\">\n\t\t\t\t<div class=\"elementor-widget-container\">\n\t\t\t\t\t<h2 class=\"elementor-heading-title elementor-size-default\">Representa\u00e7\u00e3o B2B<\/h2>\t\t\t\t<\/div>\n\t\t\t\t<\/div>\n\t\t\t\t<div class=\"elementor-element elementor-element-21aecbf elementor-widget elementor-widget-text-editor\" data-id=\"21aecbf\" data-element_type=\"widget\" data-widget_type=\"text-editor.default\">\n\t\t\t\t<div class=\"elementor-widget-container\">\n\t\t\t\t\t\t\t\t\t<p>N\u00f3s unimos as necessidades. Conectamos oferta e demanda. Superamos as divis\u00f5es culturais e tornamos nossos valores compat\u00edveis com o setor em que operamos.<\/p>\n<p><span style=\"font-family: var( --e-global-typography-0fdc30f-font-family ), Sans-serif; font-size: var( --e-global-typography-0fdc30f-font-size ); font-weight: var( --e-global-typography-0fdc30f-font-weight ); text-transform: var( --e-global-typography-0fdc30f-text-transform ); text-align: var(--text-align); color: var( --e-global-color-text );\">A globaliza\u00e7\u00e3o trouxe consigo a acessibilidade a mercados antes inimagin\u00e1veis, m\u00eddia que encurta dist\u00e2ncias, mais estrat\u00e9gias com diferentes paradigmas. Sem pessoas para implementar os neg\u00f3cios planejados, eles ser\u00e3o apenas projetos. \u00c9 por isso que trabalhamos juntos para chegar a acordos que se traduzam em neg\u00f3cios concretos.<\/span><\/p>\n<p>Consideramos que a compatibilidade entre neg\u00f3cios bem-sucedidos e o valor da integridade \u00e9 sustent\u00e1vel. A partir desse julgamento, gerenciamos relacionamentos comerciais que s\u00e3o sustentados a longo prazo. Nosso foco s\u00e3o os setores de petr\u00f3leo e g\u00e1s, minera\u00e7\u00e3o, energia, constru\u00e7\u00e3o, engenharia e metalurgia.<\/p>\t\t\t\t\t\t\t\t<\/div>\n\t\t\t\t<\/div>\n\t\t\t\t<\/div>\n\t\t<div class=\"elementor-element elementor-element-3768f8bc e-con-full e-flex e-con e-child\" data-id=\"3768f8bc\" data-element_type=\"container\">\n\t\t<div class=\"elementor-element elementor-element-1fca3c80 e-flex e-con-boxed e-con e-child\" data-id=\"1fca3c80\" data-element_type=\"container\" data-settings=\"{&quot;background_background&quot;:&quot;classic&quot;}\">\n\t\t\t\t\t<div class=\"e-con-inner\">\n\t\t\t\t<div class=\"elementor-element elementor-element-5885fc7d elementor-widget elementor-widget-heading\" data-id=\"5885fc7d\" data-element_type=\"widget\" data-widget_type=\"heading.default\">\n\t\t\t\t<div class=\"elementor-widget-container\">\n\t\t\t\t\t<h5 class=\"elementor-heading-title elementor-size-default\">Voc\u00ea precisa de ajuda?<\/h5>\t\t\t\t<\/div>\n\t\t\t\t<\/div>\n\t\t\t\t<div class=\"elementor-element elementor-element-224b193e elementor-widget elementor-widget-text-editor\" data-id=\"224b193e\" data-element_type=\"widget\" data-widget_type=\"text-editor.default\">\n\t\t\t\t<div class=\"elementor-widget-container\">\n\t\t\t\t\t\t\t\t\t<p>Voc\u00ea prefere conversar com um especialista a preencher um formul\u00e1rio? Ligue para n\u00f3s e entraremos em contato com um membro da nossa equipe que ter\u00e1 prazer em ajudar voc\u00ea.<\/p>\n\t\t\t\t\t\t\t\t<\/div>\n\t\t\t\t<\/div>\n\t\t\t\t<div class=\"elementor-element elementor-element-2ce67b8 elementor-widget elementor-widget-heading\" data-id=\"2ce67b8\" data-element_type=\"widget\" data-widget_type=\"heading.default\">\n\t\t\t\t<div class=\"elementor-widget-container\">\n\t\t\t\t\t<p class=\"elementor-heading-title elementor-size-default\">+54 9 11 54255579<\/p>\t\t\t\t<\/div>\n\t\t\t\t<\/div>\n\t\t\t\t\t<\/div>\n\t\t\t\t<\/div>\n\t\t\t\t<div class=\"elementor-element elementor-element-bb48700 elementor-widget elementor-widget-image\" data-id=\"bb48700\" data-element_type=\"widget\" data-widget_type=\"image.default\">\n\t\t\t\t<div class=\"elementor-widget-container\">\n\t\t\t\t\t\t\t\t\t\t\t\t\t\t\t<img decoding=\"async\" width=\"800\" height=\"538\" src=\"https:\/\/claudiopiscicelli.com\/wp-content\/uploads\/2025\/02\/funnel.png\" class=\"attachment-large size-large wp-image-1455\" alt=\"\" srcset=\"https:\/\/claudiopiscicelli.com\/wp-content\/uploads\/2025\/02\/funnel.png 1024w, https:\/\/claudiopiscicelli.com\/wp-content\/uploads\/2025\/02\/funnel-300x202.png 300w, https:\/\/claudiopiscicelli.com\/wp-content\/uploads\/2025\/02\/funnel-768x516.png 768w\" sizes=\"(max-width: 800px) 100vw, 800px\" \/>\t\t\t\t\t\t\t\t\t\t\t\t\t\t\t<\/div>\n\t\t\t\t<\/div>\n\t\t\t\t<\/div>\n\t\t\t\t\t<\/div>\n\t\t\t\t<\/div>\n\t\t<div class=\"elementor-element elementor-element-751f03a3 e-flex e-con-boxed e-con e-parent\" data-id=\"751f03a3\" data-element_type=\"container\" data-settings=\"{&quot;background_background&quot;:&quot;classic&quot;}\">\n\t\t\t\t\t<div class=\"e-con-inner\">\n\t\t<div class=\"elementor-element elementor-element-26b9acb6 e-con-full e-flex e-con e-child\" data-id=\"26b9acb6\" data-element_type=\"container\">\n\t\t\t\t<div class=\"elementor-element elementor-element-227d0ed elementor-widget elementor-widget-heading\" data-id=\"227d0ed\" data-element_type=\"widget\" data-widget_type=\"heading.default\">\n\t\t\t\t<div class=\"elementor-widget-container\">\n\t\t\t\t\t<h2 class=\"elementor-heading-title elementor-size-default\">Proporcionando experi\u00eancias excepcionais para nossos clientes<\/h2>\t\t\t\t<\/div>\n\t\t\t\t<\/div>\n\t\t\t\t<\/div>\n\t\t<div class=\"elementor-element elementor-element-27475cd3 e-con-full e-flex e-con e-child\" data-id=\"27475cd3\" data-element_type=\"container\">\n\t\t\t\t<div class=\"elementor-element elementor-element-3b981cad elementor-widget elementor-widget-button\" data-id=\"3b981cad\" data-element_type=\"widget\" data-widget_type=\"button.default\">\n\t\t\t\t<div class=\"elementor-widget-container\">\n\t\t\t\t\t\t\t\t\t<div class=\"elementor-button-wrapper\">\n\t\t\t\t\t<a class=\"elementor-button elementor-button-link elementor-size-sm\" href=\"#\">\n\t\t\t\t\t\t<span class=\"elementor-button-content-wrapper\">\n\t\t\t\t\t\t\t\t\t<span class=\"elementor-button-text\">Vamos come\u00e7ar agora<\/span>\n\t\t\t\t\t<\/span>\n\t\t\t\t\t<\/a>\n\t\t\t\t<\/div>\n\t\t\t\t\t\t\t\t<\/div>\n\t\t\t\t<\/div>\n\t\t\t\t<\/div>\n\t\t\t\t\t<\/div>\n\t\t\t\t<\/div>\n\t\t\t\t<\/div>\n\t\t","protected":false},"excerpt":{"rendered":"<p>In\u00edcio Servi\u00e7os Representa\u00e7\u00e3o Representa\u00e7\u00e3o B2B N\u00f3s unimos as necessidades. Conectamos oferta e demanda. Superamos as divis\u00f5es culturais e tornamos nossos valores compat\u00edveis com o setor em que operamos. A globaliza\u00e7\u00e3o trouxe consigo a acessibilidade a mercados antes inimagin\u00e1veis, m\u00eddia que encurta dist\u00e2ncias, mais estrat\u00e9gias com diferentes paradigmas. Sem pessoas para implementar os neg\u00f3cios planejados, eles [&hellip;]<\/p>\n","protected":false},"author":1,"featured_media":0,"parent":0,"menu_order":0,"comment_status":"closed","ping_status":"closed","template":"elementor_header_footer","meta":{"footnotes":""},"class_list":["post-1609","page","type-page","status-publish","hentry"],"_links":{"self":[{"href":"https:\/\/claudiopiscicelli.com\/pt-br\/wp-json\/wp\/v2\/pages\/1609","targetHints":{"allow":["GET"]}}],"collection":[{"href":"https:\/\/claudiopiscicelli.com\/pt-br\/wp-json\/wp\/v2\/pages"}],"about":[{"href":"https:\/\/claudiopiscicelli.com\/pt-br\/wp-json\/wp\/v2\/types\/page"}],"author":[{"embeddable":true,"href":"https:\/\/claudiopiscicelli.com\/pt-br\/wp-json\/wp\/v2\/users\/1"}],"replies":[{"embeddable":true,"href":"https:\/\/claudiopiscicelli.com\/pt-br\/wp-json\/wp\/v2\/comments?post=1609"}],"version-history":[{"count":1,"href":"https:\/\/claudiopiscicelli.com\/pt-br\/wp-json\/wp\/v2\/pages\/1609\/revisions"}],"predecessor-version":[{"id":1611,"href":"https:\/\/claudiopiscicelli.com\/pt-br\/wp-json\/wp\/v2\/pages\/1609\/revisions\/1611"}],"wp:attachment":[{"href":"https:\/\/claudiopiscicelli.com\/pt-br\/wp-json\/wp\/v2\/media?parent=1609"}],"curies":[{"name":"wp","href":"https:\/\/api.w.org\/{rel}","templated":true}]}}